{"id":27106,"date":"2025-02-07T14:52:06","date_gmt":"2025-02-07T14:52:06","guid":{"rendered":"https:\/\/www.tekog.com\/siparis\/?post_type=product&#038;p=27106"},"modified":"2026-04-27T15:08:56","modified_gmt":"2026-04-27T15:08:56","slug":"tekog-cicek-costuran","status":"publish","type":"product","link":"https:\/\/www.tekog.com\/siparis\/urun\/tekog-cicek-costuran\/","title":{"rendered":"Tekog \u00c7i\u00e7ek Co\u015fturan"},"content":{"rendered":"<h4>\u00dcr\u00fcn Detay<\/h4>\n<p>\u2022 Topra\u011f\u0131 zararl\u0131 kimyasallardan temizler. \u2022 \u00c7i\u00e7eklerin hastal\u0131klara kar\u015f\u0131 direncini artt\u0131r\u0131r. \u2022 Form\u00fcl\u00fcnde kimyasal hi\u00e7bir madde yer almaz. \u2022 Balkon ve saks\u0131 \u00e7i\u00e7eklerinizin geli\u015fimini h\u0131zland\u0131r\u0131r. \u2022 K\u00f6k geli\u015fimi artaca\u011f\u0131 i\u00e7in topra\u011fa daha sa\u011flam tutunur. \u2022 Kullan\u0131m\u0131 kolaylard\u0131r, herhangi bir kar\u0131\u015f\u0131m gerektirmez.<\/p>\n<h4>Nas\u0131l Kullan\u0131l\u0131r ?<\/h4>\n<p>Kullan\u0131m\u0131 \u00e7ok kolay olup, \u00e7i\u00e7eklerinizin veya her t\u00fcrl\u00fc meyve sebze saks\u0131 bitkilerinizin k\u00f6klerine ve yapraklar\u0131na, \u00fcr\u00fcn ambalaj\u0131n\u0131 hafif \u00e7alkalayarak 1 hafta 10 g\u00fcn ara ile \u00e7i\u00e7ek co\u015fturan p\u00fcsk\u00fcrtmek yeterlidir. Uygulamalar\u0131n sabah veya ak\u015fam serin saatlerde yap\u0131lmas\u0131 tavsiye edilmektedir.<\/p>\n<h4>Dikkat Edilmesi Gerekenler<\/h4>\n<p>\u2022 \u00c7ocuklardan ve g\u0131dalardan uzak tutunuz. \u2022 Asla uygun doz oranlar\u0131n\u0131 a\u015fmay\u0131n\u0131z ve sadece gerekli olan yerlerde kullan\u0131n\u0131z. \u2022 G\u00fcbreleme esnas\u0131nda maske, eldiven ve g\u00f6zl\u00fck kullan\u0131n\u0131z. \u2022 G\u00f6z, y\u00fcz ve deri ile temas ettirmeyiniz temas\u0131 halinde bol su ile y\u0131kay\u0131n\u0131z. \u2022 Kullan\u0131lm\u0131\u015f olan bo\u015f ambalajlar\u0131 ba\u015fka ama\u00e7larla kullanmay\u0131p imha ediniz.<\/p>\n<h4>Depolama \u015eartlar\u0131<\/h4>\n<p>\u2022 \u00dcr\u00fcn\u00fc direkt g\u00fcne\u015f \u0131\u015f\u0131\u011f\u0131na maruz b\u0131rak\u0131lmamal\u0131d\u0131r. \u2022 Depolama s\u0131cakl\u0131\u011f\u0131 + 5 ile + 40 derece aras\u0131nda olmal\u0131d\u0131r. \u2022 Orijinal ambalaj\u0131nda, serin ve kuru yerlerde muhafaza edilmelidir. \u2022 \u00dcretim tarihinden itibaren, 3 y\u0131l s\u00fcreyle fiziksel ve kimyasal \u00f6zelliklerini korumaktad\u0131r.<\/p>\n<h4>Firma Beyan\u0131<\/h4>\n<p>\u0130malat\u00e7\u0131 firma, tavsiyelerine uyularak kullan\u0131ld\u0131\u011f\u0131nda \u00fcr\u00fcn\u00fcn kalitesini garanti eder. Ancak hatal\u0131 kullan\u0131m ve kar\u0131\u015f\u0131mlardan dolay\u0131 do\u011fabilecek olumsuzluklar firman\u0131n garantisi d\u0131\u015f\u0131ndad\u0131r. Hatal\u0131 kullan\u0131m ve depolama \u015fartlar\u0131ndan kaynaklanabilecek sorunlar kullan\u0131c\u0131n\u0131n sorumlulu\u011fundad\u0131r.<\/p>\n","protected":false},"excerpt":{"rendered":"<p>TEKOG \u00c7i\u00e7ek Co\u015fturan, herhangi bir kar\u0131\u015f\u0131m gerektirmeyen kullan\u0131ma haz\u0131r preparatl\u0131 sprey \u015feklinde bir \u00fcr\u00fcnd\u00fcr. Balkon saks\u0131 \u00e7i\u00e7ekleri ve di\u011fer t\u00fcm mini bah\u00e7elerde yeti\u015ftirilen meyve sebze gibi t\u00fcm bitkiler i\u00e7in, kolay kullan\u0131m ama\u00e7l\u0131 \u00fcretilmi\u015ftir.<\/p>\n","protected":false},"featured_media":27107,"comment_status":"open","ping_status":"closed","template":"","meta":[],"product_brand":[],"product_cat":[76],"product_tag":[],"class_list":{"0":"post-27106","1":"product","2":"type-product","3":"status-publish","4":"has-post-thumbnail","6":"product_cat-spreyler","8":"first","9":"instock","10":"shipping-taxable","11":"purchasable","12":"product-type-simple"},"_links":{"self":[{"href":"https:\/\/www.tekog.com\/siparis\/wp-json\/wp\/v2\/product\/27106","targetHints":{"allow":["GET"]}}],"collection":[{"href":"https:\/\/www.tekog.com\/siparis\/wp-json\/wp\/v2\/product"}],"about":[{"href":"https:\/\/www.tekog.com\/siparis\/wp-json\/wp\/v2\/types\/product"}],"replies":[{"embeddable":true,"href":"https:\/\/www.tekog.com\/siparis\/wp-json\/wp\/v2\/comments?post=27106"}],"version-history":[{"count":1,"href":"https:\/\/www.tekog.com\/siparis\/wp-json\/wp\/v2\/product\/27106\/revisions"}],"predecessor-version":[{"id":27109,"href":"https:\/\/www.tekog.com\/siparis\/wp-json\/wp\/v2\/product\/27106\/revisions\/27109"}],"wp:featuredmedia":[{"embeddable":true,"href":"https:\/\/www.tekog.com\/siparis\/wp-json\/wp\/v2\/media\/27107"}],"wp:attachment":[{"href":"https:\/\/www.tekog.com\/siparis\/wp-json\/wp\/v2\/media?parent=27106"}],"wp:term":[{"taxonomy":"product_brand","embeddable":true,"href":"https:\/\/www.tekog.com\/siparis\/wp-json\/wp\/v2\/product_brand?post=27106"},{"taxonomy":"product_cat","embeddable":true,"href":"https:\/\/www.tekog.com\/siparis\/wp-json\/wp\/v2\/product_cat?post=27106"},{"taxonomy":"product_tag","embeddable":true,"href":"https:\/\/www.tekog.com\/siparis\/wp-json\/wp\/v2\/product_tag?post=27106"}],"curies":[{"name":"wp","href":"https:\/\/api.w.org\/{rel}","templated":true}]}}