{"id":27102,"date":"2025-02-07T14:13:17","date_gmt":"2025-02-07T14:13:17","guid":{"rendered":"https:\/\/www.tekog.com\/siparis\/?post_type=product&#038;p=27102"},"modified":"2026-04-27T15:09:42","modified_gmt":"2026-04-27T15:09:42","slug":"tekog-toprak-costuran","status":"publish","type":"product","link":"https:\/\/www.tekog.com\/siparis\/urun\/tekog-toprak-costuran\/","title":{"rendered":"Tekog Toprak Co\u015fturan"},"content":{"rendered":"<h4>\u00dcr\u00fcn Detay<\/h4>\n<p>\u2022 Bitkide h\u00fccre b\u00f6l\u00fcnmesini artt\u0131r\u0131r. Bitkinin b\u00fcy\u00fcme h\u0131z\u0131na etki eder.<br \/>\n\u2022 Bitki ve topra\u011f\u0131n su tutma kapasitesi, kurakl\u0131\u011fa kar\u015f\u0131 dayan\u0131kl\u0131l\u0131\u011f\u0131 artar.<br \/>\n\u2022 Topra\u011fa at\u0131lan kimyasallar\u0131 par\u00e7alar ve b\u00f6ylece verimle kaliteyi artt\u0131r\u0131r.<br \/>\n\u2022 Topra\u011f\u0131 zararl\u0131 kimyasallardan temizler, erozyon tehlikesine kar\u015f\u0131 g\u00fc\u00e7lendirir.<br \/>\n\u2022 Bitkiler, toprakta bulunan besin elementlerinden, normalden daha fazla yararlan\u0131r.<br \/>\n\u2022 Zararl\u0131 organizmalar\u0131 uzakla\u015ft\u0131r\u0131p faydal\u0131 organizmalar\u0131 b\u00fcnyesinde tutaca\u011f\u0131 i\u00e7in bitki daha g\u00fc\u00e7l\u00fc k\u00f6k ve g\u00f6vdeye sahip olur.<\/p>\n<h4>Nas\u0131l Kullan\u0131l\u0131r ?<\/h4>\n<p>Kullan\u0131m\u0131 \u00e7ok kolay olup, \u00e7i\u00e7eklerinizin veya her t\u00fcrl\u00fc meyve sebze saks\u0131 bitkilerinizin k\u00f6klerine, \u00fcr\u00fcn ambalaj\u0131n\u0131 hafif \u00e7alkalayarak 1 hafta 10 g\u00fcn ara ile toprak co\u015fturan p\u00fcsk\u00fcrtmek yeterlidir. Uygulamalar\u0131n sabah veya ak\u015fam serin saatlerde yap\u0131lmas\u0131 tavsiye edilmektedir.<\/p>\n<h4>Dikkat Edilmesi Gerekenler<\/h4>\n<p>\u2022 \u00c7ocuklardan ve g\u0131dalardan uzak tutunuz.<br \/>\n\u2022 G\u00fcbreleme esnas\u0131nda maske, eldiven ve g\u00f6zl\u00fck kullan\u0131n\u0131z.<br \/>\n\u2022 G\u00f6z, y\u00fcz ve deri ile temas ettirmeyiniz temas\u0131 halinde bol su ile y\u0131kay\u0131n\u0131z.<br \/>\n\u2022 Kullan\u0131lm\u0131\u015f olan bo\u015f ambalajlar\u0131 ba\u015fka ama\u00e7larla kullanmay\u0131p imha ediniz.<br \/>\n\u2022 Asla uygun doz oranlar\u0131n\u0131 a\u015fmay\u0131n\u0131z ve sadece gerekli olan yerlerde kullan\u0131n\u0131z.<\/p>\n<h4>Depolama \u015eartlar\u0131<\/h4>\n<p>\u2022 \u00dcr\u00fcn\u00fc direkt g\u00fcne\u015f \u0131\u015f\u0131\u011f\u0131na maruz b\u0131rak\u0131lmamal\u0131d\u0131r.<br \/>\n\u2022 Depolama s\u0131cakl\u0131\u011f\u0131 + 5 ile + 40 derece aras\u0131nda olmal\u0131d\u0131r<br \/>\n\u2022 Orijinal ambalaj\u0131nda, serin ve kuru yerlerde muhafaza edilmelidir.<br \/>\n\u2022 \u00dcretim tarihinden itibaren, 3 y\u0131l s\u00fcre ile fiziksel ve kimyasal \u00f6zelliklerini korumaktad\u0131r.<\/p>\n<h4>Firma Beyan\u0131<\/h4>\n<p>\u0130malat\u00e7\u0131 firma, tavsiyelerine uyularak kullan\u0131ld\u0131\u011f\u0131nda \u00fcr\u00fcn\u00fcn kalitesini garanti eder. Ancak hatal\u0131 kullan\u0131m ve kar\u0131\u015f\u0131mlardan dolay\u0131 do\u011fabilecek olumsuzluklar firman\u0131n garantisi d\u0131\u015f\u0131ndad\u0131r. Hatal\u0131 kullan\u0131m ve depolama \u015fartlar\u0131ndan kaynaklanabilecek sorunlar kullan\u0131c\u0131n\u0131n sorumlulu\u011fundad\u0131r.<\/p>\n","protected":false},"excerpt":{"rendered":"<p><b>TEKOG Toprak Co\u015fturan<\/b>, herhangi bir kar\u0131\u015f\u0131m gerektirmeyen kullan\u0131ma haz\u0131r preparatl\u0131 sprey \u015feklinde bir \u00fcr\u00fcnd\u00fcr. Balkon saks\u0131 \u00e7i\u00e7ekleri ve di\u011fer t\u00fcm mini bah\u00e7elerde yeti\u015ftirilen meyve sebze gibi t\u00fcm bitkiler i\u00e7in, kolay kullan\u0131m ama\u00e7l\u0131 \u00fcretilmi\u015ftir.<\/p>\n","protected":false},"featured_media":27103,"comment_status":"open","ping_status":"closed","template":"","meta":[],"product_brand":[],"product_cat":[76],"product_tag":[],"class_list":{"0":"post-27102","1":"product","2":"type-product","3":"status-publish","4":"has-post-thumbnail","6":"product_cat-spreyler","8":"first","9":"instock","10":"shipping-taxable","11":"purchasable","12":"product-type-simple"},"_links":{"self":[{"href":"https:\/\/www.tekog.com\/siparis\/wp-json\/wp\/v2\/product\/27102","targetHints":{"allow":["GET"]}}],"collection":[{"href":"https:\/\/www.tekog.com\/siparis\/wp-json\/wp\/v2\/product"}],"about":[{"href":"https:\/\/www.tekog.com\/siparis\/wp-json\/wp\/v2\/types\/product"}],"replies":[{"embeddable":true,"href":"https:\/\/www.tekog.com\/siparis\/wp-json\/wp\/v2\/comments?post=27102"}],"version-history":[{"count":1,"href":"https:\/\/www.tekog.com\/siparis\/wp-json\/wp\/v2\/product\/27102\/revisions"}],"predecessor-version":[{"id":27105,"href":"https:\/\/www.tekog.com\/siparis\/wp-json\/wp\/v2\/product\/27102\/revisions\/27105"}],"wp:featuredmedia":[{"embeddable":true,"href":"https:\/\/www.tekog.com\/siparis\/wp-json\/wp\/v2\/media\/27103"}],"wp:attachment":[{"href":"https:\/\/www.tekog.com\/siparis\/wp-json\/wp\/v2\/media?parent=27102"}],"wp:term":[{"taxonomy":"product_brand","embeddable":true,"href":"https:\/\/www.tekog.com\/siparis\/wp-json\/wp\/v2\/product_brand?post=27102"},{"taxonomy":"product_cat","embeddable":true,"href":"https:\/\/www.tekog.com\/siparis\/wp-json\/wp\/v2\/product_cat?post=27102"},{"taxonomy":"product_tag","embeddable":true,"href":"https:\/\/www.tekog.com\/siparis\/wp-json\/wp\/v2\/product_tag?post=27102"}],"curies":[{"name":"wp","href":"https:\/\/api.w.org\/{rel}","templated":true}]}}