{"id":8,"date":"2025-01-29T08:54:58","date_gmt":"2025-01-29T08:54:58","guid":{"rendered":"https:\/\/www.tekog.com\/siparis\/sepet\/"},"modified":"2025-02-14T09:04:56","modified_gmt":"2025-02-14T09:04:56","slug":"sepet","status":"publish","type":"page","link":"https:\/\/www.tekog.com\/siparis\/sepet\/","title":{"rendered":"Sepet"},"content":{"rendered":"<div data-block-name=\"woocommerce\/cart\" class=\"wp-block-woocommerce-cart alignwide is-loading\"><div data-block-name=\"woocommerce\/filled-cart-block\" class=\"wp-block-woocommerce-filled-cart-block\"><div data-block-name=\"woocommerce\/cart-items-block\" class=\"wp-block-woocommerce-cart-items-block\"><div data-block-name=\"woocommerce\/cart-line-items-block\" class=\"wp-block-woocommerce-cart-line-items-block\"><\/div>\n\n<div data-block-name=\"woocommerce\/cart-cross-sells-block\" class=\"wp-block-woocommerce-cart-cross-sells-block\"><h2 class=\"wp-block-heading has-large-font-size\">\u0130lginizi \u00e7ekebilir\u2026<\/h2>\n\n<div data-block-name=\"woocommerce\/cart-cross-sells-products-block\" class=\"wp-block-woocommerce-cart-cross-sells-products-block\"><\/div><\/div><\/div>\n\n<div data-block-name=\"woocommerce\/cart-totals-block\" class=\"wp-block-woocommerce-cart-totals-block\"><div data-block-name=\"woocommerce\/cart-order-summary-block\" class=\"wp-block-woocommerce-cart-order-summary-block\"><div data-block-name=\"woocommerce\/cart-order-summary-heading-block\" class=\"wp-block-woocommerce-cart-order-summary-heading-block\"><\/div><div data-block-name=\"woocommerce\/cart-order-summary-coupon-form-block\" class=\"wp-block-woocommerce-cart-order-summary-coupon-form-block\"><\/div><div data-block-name=\"woocommerce\/cart-order-summary-totals-block\" class=\"wp-block-woocommerce-cart-order-summary-totals-block\">\n<div data-block-name=\"woocommerce\/cart-order-summary-subtotal-block\" class=\"wp-block-woocommerce-cart-order-summary-subtotal-block\"><\/div>\n<div data-block-name=\"woocommerce\/cart-order-summary-discount-block\" class=\"wp-block-woocommerce-cart-order-summary-discount-block\"><\/div>\n<div data-block-name=\"woocommerce\/cart-order-summary-fee-block\" class=\"wp-block-woocommerce-cart-order-summary-fee-block\"><\/div>\n<div data-block-name=\"woocommerce\/cart-order-summary-shipping-block\" class=\"wp-block-woocommerce-cart-order-summary-shipping-block\"><\/div>\n<div data-block-name=\"woocommerce\/cart-order-summary-taxes-block\" class=\"wp-block-woocommerce-cart-order-summary-taxes-block\"><\/div><\/div><\/div>\n\n<div data-block-name=\"woocommerce\/cart-express-payment-block\" class=\"wp-block-woocommerce-cart-express-payment-block\"><\/div>\n\n<div data-block-name=\"woocommerce\/proceed-to-checkout-block\" class=\"wp-block-woocommerce-proceed-to-checkout-block\"><\/div>\n\n<div data-block-name=\"woocommerce\/cart-accepted-payment-methods-block\" class=\"wp-block-woocommerce-cart-accepted-payment-methods-block\"><\/div><\/div><\/div>\n\n<div data-block-name=\"woocommerce\/empty-cart-block\" class=\"wp-block-woocommerce-empty-cart-block\"><h2 class=\"wp-block-heading has-text-align-center with-empty-cart-icon wc-block-cart__empty-cart__title\">Sepetiniz \u015fu anda bo\u015f!<\/h2>\n\n<hr class=\"wp-block-separator has-alpha-channel-opacity is-style-dots\"\/>\n\n<h2 class=\"wp-block-heading has-text-align-center\">Ma\u011fazada yeni<\/h2>\n\n<div data-block-name=\"woocommerce\/product-new\" data-columns=\"4\" data-rows=\"1\" class=\"wc-block-grid wp-block-product-new wp-block-woocommerce-product-new wc-block-product-new has-4-columns\"><ul class=\"wc-block-grid__products\"><li class=\"wc-block-grid__product\">\n\t\t\t\t<a href=\"https:\/\/www.tekog.com\/siparis\/urun\/tekog-cicek-costuran\/\" class=\"wc-block-grid__product-link\">\n\t\t\t\t\t\n\t\t\t\t\t<div class=\"wc-block-grid__product-image\"><img fetchpriority=\"high\" decoding=\"async\" width=\"430\" height=\"430\" src=\"https:\/\/www.tekog.com\/siparis\/wp-content\/uploads\/2025\/02\/Tekog-Cicek-Costuran-01-430x430.png\" class=\"attachment-woocommerce_thumbnail size-woocommerce_thumbnail\" alt=\"Tekog \u00c7i\u00e7ek Co\u015fturan\" srcset=\"https:\/\/www.tekog.com\/siparis\/wp-content\/uploads\/2025\/02\/Tekog-Cicek-Costuran-01-430x430.png 430w, https:\/\/www.tekog.com\/siparis\/wp-content\/uploads\/2025\/02\/Tekog-Cicek-Costuran-01-150x150.png 150w, https:\/\/www.tekog.com\/siparis\/wp-content\/uploads\/2025\/02\/Tekog-Cicek-Costuran-01-700x700.png 700w, https:\/\/www.tekog.com\/siparis\/wp-content\/uploads\/2025\/02\/Tekog-Cicek-Costuran-01-300x300.png 300w, https:\/\/www.tekog.com\/siparis\/wp-content\/uploads\/2025\/02\/Tekog-Cicek-Costuran-01-800x800.png 800w, https:\/\/www.tekog.com\/siparis\/wp-content\/uploads\/2025\/02\/Tekog-Cicek-Costuran-01-768x768.png 768w, https:\/\/www.tekog.com\/siparis\/wp-content\/uploads\/2025\/02\/Tekog-Cicek-Costuran-01-1536x1536.png 1536w, https:\/\/www.tekog.com\/siparis\/wp-content\/uploads\/2025\/02\/Tekog-Cicek-Costuran-01-2048x2048.png 2048w\" sizes=\"(max-width: 430px) 100vw, 430px\" \/><\/div>\n\t\t\t\t\t<div class=\"wc-block-grid__product-title\">Tekog \u00c7i\u00e7ek Co\u015fturan<\/div>\n\t\t\t\t<\/a>\n\t\t\t\t<div class=\"wc-block-grid__product-price price\"><span class=\"woocommerce-Price-amount amount\"><span class=\"woocommerce-Price-currencySymbol\">&#8378;<\/span>1.000,00<\/span><\/div>\n\t\t\t\t\n\t\t\t\t<div class=\"wp-block-button wc-block-grid__product-add-to-cart\"><a href=\"?add-to-cart=27106\" aria-label=\"Sepete ekle: \u201cTekog \u00c7i\u00e7ek Co\u015fturan\u201d\" data-quantity=\"1\" data-product_id=\"27106\" data-product_sku=\"TekogCicek01\" data-price=\"1000\" rel=\"nofollow\" class=\"wp-block-button__link  add_to_cart_button ajax_add_to_cart\">Sepete Ekle<\/a><\/div>\n\t\t\t<\/li><li class=\"wc-block-grid__product\">\n\t\t\t\t<a href=\"https:\/\/www.tekog.com\/siparis\/urun\/tekog-toprak-costuran\/\" class=\"wc-block-grid__product-link\">\n\t\t\t\t\t\n\t\t\t\t\t<div class=\"wc-block-grid__product-image\"><img decoding=\"async\" width=\"430\" height=\"430\" src=\"https:\/\/www.tekog.com\/siparis\/wp-content\/uploads\/2025\/02\/Tekog-Toprak-Costuran-01-430x430.png\" class=\"attachment-woocommerce_thumbnail size-woocommerce_thumbnail\" alt=\"Tekog Toprak Co\u015fturan\" srcset=\"https:\/\/www.tekog.com\/siparis\/wp-content\/uploads\/2025\/02\/Tekog-Toprak-Costuran-01-430x430.png 430w, https:\/\/www.tekog.com\/siparis\/wp-content\/uploads\/2025\/02\/Tekog-Toprak-Costuran-01-150x150.png 150w, https:\/\/www.tekog.com\/siparis\/wp-content\/uploads\/2025\/02\/Tekog-Toprak-Costuran-01-700x700.png 700w, https:\/\/www.tekog.com\/siparis\/wp-content\/uploads\/2025\/02\/Tekog-Toprak-Costuran-01-300x300.png 300w, https:\/\/www.tekog.com\/siparis\/wp-content\/uploads\/2025\/02\/Tekog-Toprak-Costuran-01-800x800.png 800w, https:\/\/www.tekog.com\/siparis\/wp-content\/uploads\/2025\/02\/Tekog-Toprak-Costuran-01-768x768.png 768w, https:\/\/www.tekog.com\/siparis\/wp-content\/uploads\/2025\/02\/Tekog-Toprak-Costuran-01-1536x1536.png 1536w, https:\/\/www.tekog.com\/siparis\/wp-content\/uploads\/2025\/02\/Tekog-Toprak-Costuran-01-2048x2048.png 2048w\" sizes=\"(max-width: 430px) 100vw, 430px\" \/><\/div>\n\t\t\t\t\t<div class=\"wc-block-grid__product-title\">Tekog Toprak Co\u015fturan<\/div>\n\t\t\t\t<\/a>\n\t\t\t\t<div class=\"wc-block-grid__product-price price\"><span class=\"woocommerce-Price-amount amount\"><span class=\"woocommerce-Price-currencySymbol\">&#8378;<\/span>1.000,00<\/span><\/div>\n\t\t\t\t\n\t\t\t\t<div class=\"wp-block-button wc-block-grid__product-add-to-cart\"><a href=\"?add-to-cart=27102\" aria-label=\"Sepete ekle: \u201cTekog Toprak Co\u015fturan\u201d\" data-quantity=\"1\" data-product_id=\"27102\" data-product_sku=\"TekogToprak01\" data-price=\"1000\" rel=\"nofollow\" class=\"wp-block-button__link  add_to_cart_button ajax_add_to_cart\">Sepete Ekle<\/a><\/div>\n\t\t\t<\/li><li class=\"wc-block-grid__product\">\n\t\t\t\t<a href=\"https:\/\/www.tekog.com\/siparis\/urun\/tekog-sivi-organik-gubre\/\" class=\"wc-block-grid__product-link\">\n\t\t\t\t\t\n\t\t\t\t\t<div class=\"wc-block-grid__product-image\"><img decoding=\"async\" width=\"430\" height=\"430\" src=\"https:\/\/www.tekog.com\/siparis\/wp-content\/uploads\/2025\/02\/Tekog-Sivi-Organik-Gubre-01-430x430.png\" class=\"attachment-woocommerce_thumbnail size-woocommerce_thumbnail\" alt=\"Tekog S\u0131v\u0131 Organik G\u00fcbre\" srcset=\"https:\/\/www.tekog.com\/siparis\/wp-content\/uploads\/2025\/02\/Tekog-Sivi-Organik-Gubre-01-430x430.png 430w, https:\/\/www.tekog.com\/siparis\/wp-content\/uploads\/2025\/02\/Tekog-Sivi-Organik-Gubre-01-150x150.png 150w, https:\/\/www.tekog.com\/siparis\/wp-content\/uploads\/2025\/02\/Tekog-Sivi-Organik-Gubre-01-700x700.png 700w, https:\/\/www.tekog.com\/siparis\/wp-content\/uploads\/2025\/02\/Tekog-Sivi-Organik-Gubre-01-300x300.png 300w, https:\/\/www.tekog.com\/siparis\/wp-content\/uploads\/2025\/02\/Tekog-Sivi-Organik-Gubre-01-800x800.png 800w, https:\/\/www.tekog.com\/siparis\/wp-content\/uploads\/2025\/02\/Tekog-Sivi-Organik-Gubre-01-768x768.png 768w, https:\/\/www.tekog.com\/siparis\/wp-content\/uploads\/2025\/02\/Tekog-Sivi-Organik-Gubre-01-1536x1536.png 1536w, https:\/\/www.tekog.com\/siparis\/wp-content\/uploads\/2025\/02\/Tekog-Sivi-Organik-Gubre-01-2048x2048.png 2048w\" sizes=\"(max-width: 430px) 100vw, 430px\" \/><\/div>\n\t\t\t\t\t<div class=\"wc-block-grid__product-title\">Tekog S\u0131v\u0131 Organik G\u00fcbre<\/div>\n\t\t\t\t<\/a>\n\t\t\t\t<div class=\"wc-block-grid__product-price price\"><span class=\"woocommerce-Price-amount amount\"><span class=\"woocommerce-Price-currencySymbol\">&#8378;<\/span>1.000,00<\/span> &ndash; <span class=\"woocommerce-Price-amount amount\"><span class=\"woocommerce-Price-currencySymbol\">&#8378;<\/span>15.850,00<\/span><\/div>\n\t\t\t\t\n\t\t\t\t<div class=\"wp-block-button wc-block-grid__product-add-to-cart\"><a href=\"https:\/\/www.tekog.com\/siparis\/urun\/tekog-sivi-organik-gubre\/\" aria-label=\"&ldquo;Tekog S\u0131v\u0131 Organik G\u00fcbre&rdquo; i\u00e7in se\u00e7enekleri se\u00e7in\" data-quantity=\"1\" data-product_id=\"27097\" data-product_sku=\"\" data-price=\"1000\" rel=\"nofollow\" class=\"wp-block-button__link  add_to_cart_button\">Se\u00e7enekler<\/a><\/div>\n\t\t\t<\/li><li class=\"wc-block-grid__product\">\n\t\t\t\t<a href=\"https:\/\/www.tekog.com\/siparis\/urun\/tekog-sivi-organik-humik\/\" class=\"wc-block-grid__product-link\">\n\t\t\t\t\t\n\t\t\t\t\t<div class=\"wc-block-grid__product-image\"><img loading=\"lazy\" decoding=\"async\" width=\"430\" height=\"430\" src=\"https:\/\/www.tekog.com\/siparis\/wp-content\/uploads\/2025\/02\/Tekog-Sivi-Organik-Humik-01-430x430.png\" class=\"attachment-woocommerce_thumbnail size-woocommerce_thumbnail\" alt=\"Tekog S\u0131v\u0131 Organik H\u00fcmik\" srcset=\"https:\/\/www.tekog.com\/siparis\/wp-content\/uploads\/2025\/02\/Tekog-Sivi-Organik-Humik-01-430x430.png 430w, https:\/\/www.tekog.com\/siparis\/wp-content\/uploads\/2025\/02\/Tekog-Sivi-Organik-Humik-01-150x150.png 150w, https:\/\/www.tekog.com\/siparis\/wp-content\/uploads\/2025\/02\/Tekog-Sivi-Organik-Humik-01-700x700.png 700w, https:\/\/www.tekog.com\/siparis\/wp-content\/uploads\/2025\/02\/Tekog-Sivi-Organik-Humik-01-300x300.png 300w, https:\/\/www.tekog.com\/siparis\/wp-content\/uploads\/2025\/02\/Tekog-Sivi-Organik-Humik-01-1024x1024.png 1024w, https:\/\/www.tekog.com\/siparis\/wp-content\/uploads\/2025\/02\/Tekog-Sivi-Organik-Humik-01-768x768.png 768w, https:\/\/www.tekog.com\/siparis\/wp-content\/uploads\/2025\/02\/Tekog-Sivi-Organik-Humik-01-1536x1536.png 1536w, https:\/\/www.tekog.com\/siparis\/wp-content\/uploads\/2025\/02\/Tekog-Sivi-Organik-Humik-01-2048x2048.png 2048w\" sizes=\"(max-width: 430px) 100vw, 430px\" \/><\/div>\n\t\t\t\t\t<div class=\"wc-block-grid__product-title\">Tekog S\u0131v\u0131 Organik H\u00fcmik<\/div>\n\t\t\t\t<\/a>\n\t\t\t\t<div class=\"wc-block-grid__product-price price\"><span class=\"woocommerce-Price-amount amount\"><span class=\"woocommerce-Price-currencySymbol\">&#8378;<\/span>500,00<\/span> &ndash; <span class=\"woocommerce-Price-amount amount\"><span class=\"woocommerce-Price-currencySymbol\">&#8378;<\/span>7.925,00<\/span><\/div>\n\t\t\t\t\n\t\t\t\t<div class=\"wp-block-button wc-block-grid__product-add-to-cart\"><a href=\"https:\/\/www.tekog.com\/siparis\/urun\/tekog-sivi-organik-humik\/\" aria-label=\"&ldquo;Tekog S\u0131v\u0131 Organik H\u00fcmik&rdquo; i\u00e7in se\u00e7enekleri se\u00e7in\" data-quantity=\"1\" data-product_id=\"63\" data-product_sku=\"\" data-price=\"500\" rel=\"nofollow\" class=\"wp-block-button__link  add_to_cart_button\">Se\u00e7enekler<\/a><\/div>\n\t\t\t<\/li><\/ul><\/div><\/div><\/div>","protected":false},"excerpt":{"rendered":"","protected":false},"author":1,"featured_media":0,"parent":0,"menu_order":0,"comment_status":"closed","ping_status":"closed","template":"","meta":{"footnotes":""},"class_list":["post-8","page","type-page","status-publish","hentry"],"_links":{"self":[{"href":"https:\/\/www.tekog.com\/siparis\/wp-json\/wp\/v2\/pages\/8","targetHints":{"allow":["GET"]}}],"collection":[{"href":"https:\/\/www.tekog.com\/siparis\/wp-json\/wp\/v2\/pages"}],"about":[{"href":"https:\/\/www.tekog.com\/siparis\/wp-json\/wp\/v2\/types\/page"}],"author":[{"embeddable":true,"href":"https:\/\/www.tekog.com\/siparis\/wp-json\/wp\/v2\/users\/1"}],"replies":[{"embeddable":true,"href":"https:\/\/www.tekog.com\/siparis\/wp-json\/wp\/v2\/comments?post=8"}],"version-history":[{"count":1,"href":"https:\/\/www.tekog.com\/siparis\/wp-json\/wp\/v2\/pages\/8\/revisions"}],"predecessor-version":[{"id":12,"href":"https:\/\/www.tekog.com\/siparis\/wp-json\/wp\/v2\/pages\/8\/revisions\/12"}],"wp:attachment":[{"href":"https:\/\/www.tekog.com\/siparis\/wp-json\/wp\/v2\/media?parent=8"}],"curies":[{"name":"wp","href":"https:\/\/api.w.org\/{rel}","templated":true}]}}